{"id":6303,"date":"2024-09-10T08:38:03","date_gmt":"2024-09-10T06:38:03","guid":{"rendered":"https:\/\/www.maffiads.com\/?post_type=product&#038;p=6303"},"modified":"2024-12-02T21:41:14","modified_gmt":"2024-12-02T20:41:14","slug":"nepriatel-mojho-nepriatela-2","status":"publish","type":"product","link":"https:\/\/www.maffiads.com\/hu\/produkt\/nepriatel-mojho-nepriatela-2\/","title":{"rendered":"Nepriate\u013e M\u00f4jho Nepriate\u013ea"},"content":{"rendered":"","protected":false},"excerpt":{"rendered":"<p>Neodpustite\u013en\u00e9 \u010diny dunajskostredskej mafie<\/p>\n","protected":false},"featured_media":6340,"template":"","meta":{"ngg_post_thumbnail":0},"product_cat":[],"product_tag":[],"class_list":{"0":"post-6303","1":"product","2":"type-product","3":"status-publish","4":"has-post-thumbnail","7":"first","8":"instock","9":"taxable","10":"shipping-taxable","11":"purchasable","12":"product-type-simple"},"jetpack_sharing_enabled":true,"_links":{"self":[{"href":"https:\/\/www.maffiads.com\/hu\/wp-json\/wp\/v2\/product\/6303","targetHints":{"allow":["GET"]}}],"collection":[{"href":"https:\/\/www.maffiads.com\/hu\/wp-json\/wp\/v2\/product"}],"about":[{"href":"https:\/\/www.maffiads.com\/hu\/wp-json\/wp\/v2\/types\/product"}],"version-history":[{"count":1,"href":"https:\/\/www.maffiads.com\/hu\/wp-json\/wp\/v2\/product\/6303\/revisions"}],"predecessor-version":[{"id":6304,"href":"https:\/\/www.maffiads.com\/hu\/wp-json\/wp\/v2\/product\/6303\/revisions\/6304"}],"wp:featuredmedia":[{"embeddable":true,"href":"https:\/\/www.maffiads.com\/hu\/wp-json\/wp\/v2\/media\/6340"}],"wp:attachment":[{"href":"https:\/\/www.maffiads.com\/hu\/wp-json\/wp\/v2\/media?parent=6303"}],"wp:term":[{"taxonomy":"product_cat","embeddable":true,"href":"https:\/\/www.maffiads.com\/hu\/wp-json\/wp\/v2\/product_cat?post=6303"},{"taxonomy":"product_tag","embeddable":true,"href":"https:\/\/www.maffiads.com\/hu\/wp-json\/wp\/v2\/product_tag?post=6303"}],"curies":[{"name":"wp","href":"https:\/\/api.w.org\/{rel}","templated":true}]}}